{"id":19,"date":"2019-01-22T22:33:04","date_gmt":"2019-01-22T21:33:04","guid":{"rendered":"http:\/\/bksconstruction.be\/?page_id=19"},"modified":"2021-05-07T09:39:05","modified_gmt":"2021-05-07T07:39:05","slug":"terrassement","status":"publish","type":"page","link":"http:\/\/bksconstruction.be\/index.php\/terrassement\/","title":{"rendered":"VOS TRAVAUX DE TERRASSEMENT \u00c0 HERVE, LIEGE ET SES ALENTOURS"},"content":{"rendered":"\n<p>Avant d\u2019entamer les travaux de construction, il est important d\u2019\u00e9galiser et de consolider votre terrain.<\/p>\n\n\n\n<p>Pour cela, faites confiance \u00e0 notre entreprise\u00a0<strong><a href=\"http:\/\/bksconstruction.be\/\">BKS Construction<\/a><\/strong>, sp\u00e9cialiste des travaux de\u00a0<strong>terrassement \u00e0 Herve<\/strong>\u00a0et ses alentours.<\/p>\n\n\n\n<h2 style=\"color:#F47920; font-size: 27px;\"><strong>Nos services de terrassement<\/strong><\/h2>\n\n\n\n<p>Chez BKS Construction, nous intervenons sur tous les types de chantier, que ce soit une nouvelle construction ou non :<\/p>\n\n\n\n<ul><li>poser les fondations d\u2019une maison<\/li><li>creuser un&nbsp;<strong>trou de piscine<\/strong><\/li><li><strong>remise \u00e0 niveau<\/strong>&nbsp;du terrain<\/li><li>etc.<\/li><\/ul>\n\n\n\n<h2 style=\"color:#F47920; font-size: 27px;\"><strong>Un suivi personnalis\u00e9<\/strong><\/h2>\n\n\n\n<p>Pour mener \u00e0 bien les travaux de terrassement, nous prenons en compte tous les \u00e9l\u00e9ments : le type de sol, vos envies et votre budget.<\/p>\n\n\n\n<p>Ainsi, nous \u00e9valuons la solution optimale pour atteindre le r\u00e9sultat que vous souhaitez, dans les limites des \u00e9l\u00e9ments \u00e0 notre disposition.<\/p>\n\n\n\n<p>Vous souhaitez en savoir plus sur nos services ? Vous d\u00e9sirez prendre rendez-vous pour un devis ? N\u2019h\u00e9sitez pas&nbsp;<a style=\"color:#F47920\" href=\"http:\/\/bksconstruction.be\/#contact\"><strong>\u00e0 contacter<\/strong><\/a>&nbsp;notre entreprise de construction. Les devis sont gratuits.<\/p>\n","protected":false},"excerpt":{"rendered":"<p>Avant d\u2019entamer les travaux de construction, il est important d\u2019\u00e9galiser et de consolider votre terrain. Pour cela, faites confiance \u00e0 notre entreprise\u00a0BKS Construction, sp\u00e9cialiste des travaux de\u00a0terrassement \u00e0 Herve\u00a0et ses alentours. Nos services de terrassement Chez BKS Construction, nous intervenons sur tous les types de chantier, que ce soit une [&hellip;]<\/p>\n","protected":false},"author":1,"featured_media":380,"parent":0,"menu_order":0,"comment_status":"closed","ping_status":"closed","template":"","meta":{"_monsterinsights_skip_tracking":false,"_monsterinsights_sitenote_active":false,"_monsterinsights_sitenote_note":"","_monsterinsights_sitenote_category":0,"ngg_post_thumbnail":0,"footnotes":""},"yoast_head":"<!-- This site is optimized with the Yoast SEO plugin v16.9 - https:\/\/yoast.com\/wordpress\/plugins\/seo\/ -->\n<title>Travaux de Terrassement \u00e0 Herve, Li\u00e8ge, Soumagne &amp; Verviers<\/title>\n<meta name=\"description\" content=\"Faites confiance \u00e0 notre entreprise BKS Construction \u00e0 Herve, sp\u00e9cialiste des travaux de terrassement \u00e0 Li\u00e8ge &amp; alentours. Devis Gratuit !\" \/>\n<meta name=\"robots\" content=\"index, follow, max-snippet:-1, max-image-preview:large, max-video-preview:-1\" \/>\n<link rel=\"canonical\" href=\"http:\/\/bksconstruction.be\/index.php\/terrassement\/\" \/>\n<meta property=\"og:locale\" content=\"en_US\" \/>\n<meta property=\"og:type\" content=\"article\" \/>\n<meta property=\"og:title\" content=\"Travaux de Terrassement \u00e0 Herve, Li\u00e8ge, Soumagne &amp; Verviers\" \/>\n<meta property=\"og:description\" content=\"Faites confiance \u00e0 notre entreprise BKS Construction \u00e0 Herve, sp\u00e9cialiste des travaux de terrassement \u00e0 Li\u00e8ge &amp; alentours. Devis Gratuit !\" \/>\n<meta property=\"og:url\" content=\"http:\/\/bksconstruction.be\/index.php\/terrassement\/\" \/>\n<meta property=\"article:modified_time\" content=\"2021-05-07T07:39:05+00:00\" \/>\n<meta property=\"og:image\" content=\"http:\/\/bksconstruction.be\/wp-content\/uploads\/2019\/02\/BKSconstruction-maison-Herve-1.jpg\" \/>\n\t<meta property=\"og:image:width\" content=\"1280\" \/>\n\t<meta property=\"og:image:height\" content=\"960\" \/>\n<meta name=\"twitter:card\" content=\"summary_large_image\" \/>\n<meta name=\"twitter:label1\" content=\"Est. reading time\" \/>\n\t<meta name=\"twitter:data1\" content=\"1 minute\" \/>\n<script type=\"application\/ld+json\" class=\"yoast-schema-graph\">{\"@context\":\"https:\/\/schema.org\",\"@graph\":[{\"@type\":\"WebSite\",\"@id\":\"https:\/\/bksconstruction.be\/#website\",\"url\":\"https:\/\/bksconstruction.be\/\",\"name\":\"\",\"description\":\"BKS entreprise de construction \\u00e0 Li\\u00e8ge, logo\",\"potentialAction\":[{\"@type\":\"SearchAction\",\"target\":{\"@type\":\"EntryPoint\",\"urlTemplate\":\"https:\/\/bksconstruction.be\/?s={search_term_string}\"},\"query-input\":\"required name=search_term_string\"}],\"inLanguage\":\"en-US\"},{\"@type\":\"ImageObject\",\"@id\":\"http:\/\/bksconstruction.be\/index.php\/terrassement\/#primaryimage\",\"inLanguage\":\"en-US\",\"url\":\"http:\/\/bksconstruction.be\/wp-content\/uploads\/2019\/02\/BKSconstruction-maison-Herve-1.jpg\",\"contentUrl\":\"http:\/\/bksconstruction.be\/wp-content\/uploads\/2019\/02\/BKSconstruction-maison-Herve-1.jpg\",\"width\":1280,\"height\":960,\"caption\":\"Am\\u00e9nagement jardin Herve\"},{\"@type\":\"WebPage\",\"@id\":\"http:\/\/bksconstruction.be\/index.php\/terrassement\/#webpage\",\"url\":\"http:\/\/bksconstruction.be\/index.php\/terrassement\/\",\"name\":\"Travaux de Terrassement \\u00e0 Herve, Li\\u00e8ge, Soumagne & Verviers\",\"isPartOf\":{\"@id\":\"https:\/\/bksconstruction.be\/#website\"},\"primaryImageOfPage\":{\"@id\":\"http:\/\/bksconstruction.be\/index.php\/terrassement\/#primaryimage\"},\"datePublished\":\"2019-01-22T21:33:04+00:00\",\"dateModified\":\"2021-05-07T07:39:05+00:00\",\"description\":\"Faites confiance \\u00e0 notre entreprise BKS Construction \\u00e0 Herve, sp\\u00e9cialiste des travaux de terrassement \\u00e0 Li\\u00e8ge & alentours. Devis Gratuit !\",\"breadcrumb\":{\"@id\":\"http:\/\/bksconstruction.be\/index.php\/terrassement\/#breadcrumb\"},\"inLanguage\":\"en-US\",\"potentialAction\":[{\"@type\":\"ReadAction\",\"target\":[\"http:\/\/bksconstruction.be\/index.php\/terrassement\/\"]}]},{\"@type\":\"BreadcrumbList\",\"@id\":\"http:\/\/bksconstruction.be\/index.php\/terrassement\/#breadcrumb\",\"itemListElement\":[{\"@type\":\"ListItem\",\"position\":1,\"name\":\"Accueil\",\"item\":\"https:\/\/bksconstruction.be\/\"},{\"@type\":\"ListItem\",\"position\":2,\"name\":\"VOS TRAVAUX DE TERRASSEMENT \\u00c0 HERVE, LIEGE ET SES ALENTOURS\"}]}]}<\/script>\n<!-- \/ Yoast SEO plugin. -->","yoast_head_json":{"title":"Travaux de Terrassement \u00e0 Herve, Li\u00e8ge, Soumagne & Verviers","description":"Faites confiance \u00e0 notre entreprise BKS Construction \u00e0 Herve, sp\u00e9cialiste des travaux de terrassement \u00e0 Li\u00e8ge & alentours. Devis Gratuit !","robots":{"index":"index","follow":"follow","max-snippet":"max-snippet:-1","max-image-preview":"max-image-preview:large","max-video-preview":"max-video-preview:-1"},"canonical":"http:\/\/bksconstruction.be\/index.php\/terrassement\/","og_locale":"en_US","og_type":"article","og_title":"Travaux de Terrassement \u00e0 Herve, Li\u00e8ge, Soumagne & Verviers","og_description":"Faites confiance \u00e0 notre entreprise BKS Construction \u00e0 Herve, sp\u00e9cialiste des travaux de terrassement \u00e0 Li\u00e8ge & alentours. Devis Gratuit !","og_url":"http:\/\/bksconstruction.be\/index.php\/terrassement\/","article_modified_time":"2021-05-07T07:39:05+00:00","og_image":[{"width":1280,"height":960,"url":"http:\/\/bksconstruction.be\/wp-content\/uploads\/2019\/02\/BKSconstruction-maison-Herve-1.jpg","path":"\/home\/bksconstxo\/www\/wp-content\/uploads\/2019\/02\/BKSconstruction-maison-Herve-1.jpg","size":"full","id":380,"alt":"Travaux de terrassement Herve, Li\u00e8ge","pixels":1228800,"type":"image\/jpeg"}],"twitter_card":"summary_large_image","twitter_misc":{"Est. reading time":"1 minute"},"schema":{"@context":"https:\/\/schema.org","@graph":[{"@type":"WebSite","@id":"https:\/\/bksconstruction.be\/#website","url":"https:\/\/bksconstruction.be\/","name":"","description":"BKS entreprise de construction \u00e0 Li\u00e8ge, logo","potentialAction":[{"@type":"SearchAction","target":{"@type":"EntryPoint","urlTemplate":"https:\/\/bksconstruction.be\/?s={search_term_string}"},"query-input":"required name=search_term_string"}],"inLanguage":"en-US"},{"@type":"ImageObject","@id":"http:\/\/bksconstruction.be\/index.php\/terrassement\/#primaryimage","inLanguage":"en-US","url":"http:\/\/bksconstruction.be\/wp-content\/uploads\/2019\/02\/BKSconstruction-maison-Herve-1.jpg","contentUrl":"http:\/\/bksconstruction.be\/wp-content\/uploads\/2019\/02\/BKSconstruction-maison-Herve-1.jpg","width":1280,"height":960,"caption":"Am\u00e9nagement jardin Herve"},{"@type":"WebPage","@id":"http:\/\/bksconstruction.be\/index.php\/terrassement\/#webpage","url":"http:\/\/bksconstruction.be\/index.php\/terrassement\/","name":"Travaux de Terrassement \u00e0 Herve, Li\u00e8ge, Soumagne & Verviers","isPartOf":{"@id":"https:\/\/bksconstruction.be\/#website"},"primaryImageOfPage":{"@id":"http:\/\/bksconstruction.be\/index.php\/terrassement\/#primaryimage"},"datePublished":"2019-01-22T21:33:04+00:00","dateModified":"2021-05-07T07:39:05+00:00","description":"Faites confiance \u00e0 notre entreprise BKS Construction \u00e0 Herve, sp\u00e9cialiste des travaux de terrassement \u00e0 Li\u00e8ge & alentours. Devis Gratuit !","breadcrumb":{"@id":"http:\/\/bksconstruction.be\/index.php\/terrassement\/#breadcrumb"},"inLanguage":"en-US","potentialAction":[{"@type":"ReadAction","target":["http:\/\/bksconstruction.be\/index.php\/terrassement\/"]}]},{"@type":"BreadcrumbList","@id":"http:\/\/bksconstruction.be\/index.php\/terrassement\/#breadcrumb","itemListElement":[{"@type":"ListItem","position":1,"name":"Accueil","item":"https:\/\/bksconstruction.be\/"},{"@type":"ListItem","position":2,"name":"VOS TRAVAUX DE TERRASSEMENT \u00c0 HERVE, LIEGE ET SES ALENTOURS"}]}]}},"_links":{"self":[{"href":"http:\/\/bksconstruction.be\/index.php\/wp-json\/wp\/v2\/pages\/19"}],"collection":[{"href":"http:\/\/bksconstruction.be\/index.php\/wp-json\/wp\/v2\/pages"}],"about":[{"href":"http:\/\/bksconstruction.be\/index.php\/wp-json\/wp\/v2\/types\/page"}],"author":[{"embeddable":true,"href":"http:\/\/bksconstruction.be\/index.php\/wp-json\/wp\/v2\/users\/1"}],"replies":[{"embeddable":true,"href":"http:\/\/bksconstruction.be\/index.php\/wp-json\/wp\/v2\/comments?post=19"}],"version-history":[{"count":11,"href":"http:\/\/bksconstruction.be\/index.php\/wp-json\/wp\/v2\/pages\/19\/revisions"}],"predecessor-version":[{"id":698,"href":"http:\/\/bksconstruction.be\/index.php\/wp-json\/wp\/v2\/pages\/19\/revisions\/698"}],"wp:featuredmedia":[{"embeddable":true,"href":"http:\/\/bksconstruction.be\/index.php\/wp-json\/wp\/v2\/media\/380"}],"wp:attachment":[{"href":"http:\/\/bksconstruction.be\/index.php\/wp-json\/wp\/v2\/media?parent=19"}],"curies":[{"name":"wp","href":"https:\/\/api.w.org\/{rel}","templated":true}]}}