{"id":2,"date":"2019-01-19T10:35:22","date_gmt":"2019-01-19T09:35:22","guid":{"rendered":"http:\/\/bksconstruction.be\/?page_id=2"},"modified":"2020-09-10T09:29:33","modified_gmt":"2020-09-10T07:29:33","slug":"page-daccueil","status":"publish","type":"page","link":"http:\/\/bksconstruction.be\/","title":{"rendered":"Page d\u2019Accueil"},"content":{"rendered":"<h1 style=\"font-size: 40px;\">BKS Construction, entreprise de construction \u00e0 Herve, Li\u00e8ge<\/h1>\n<p>Vous \u00eates \u00e0 la recherche d\u2019une<strong><span>&nbsp;<\/span>entreprise g\u00e9n\u00e9rale de construction \u00e0 Herve, Li\u00e8ge<\/strong><span>&nbsp;<\/span>ou ses alentours ? Faites appel \u00e0 notre soci\u00e9t\u00e9 familiale<span>&nbsp;<\/span><strong>BKS Construction<\/strong>.<\/p>\n<p>Nous nous d\u00e9pla\u00e7ons sur des chantiers dans toute la r\u00e9gion de Li\u00e8ge.<\/p>\n<h4><strong>Nos services<\/strong><\/h4>\n<p>Chez BKS Construction, nous intervenons aussi bien dans le cadre de r\u00e9novations que pour une nouvelle construction :<\/p>\n<ul>\n<li><strong><a style=\"color: #f47920;\" href=\"http:\/\/bksconstruction.be\/index.php\/gros-oeuvre\/\">gros \u0153uvre<\/a><\/strong><\/li>\n<li><strong><a style=\"color: #f47920;\" href=\"http:\/\/bksconstruction.be\/index.php\/terrassement\/\">terrassement<\/a><\/strong><\/li>\n<li><strong><a style=\"color: #f47920;\" href=\"http:\/\/bksconstruction.be\/index.php\/amenagements-interieurs\/\">am\u00e9nagements int\u00e9rieurs<\/a><\/strong><\/li>\n<li><strong><a style=\"color: #f47920;\" href=\"http:\/\/bksconstruction.be\/index.php\/amenagements-exterieurs\/\">am\u00e9nagements ext\u00e9rieurs<\/a><\/strong><\/li>\n<li><strong><a style=\"color: #f47920;\" href=\"http:\/\/bksconstruction.be\/index.php\/reseaux-degouttage\/\">r\u00e9seaux d\u2019\u00e9gouttage &#8211; ma\u00e7onnerie<\/a><\/strong><\/li>\n<\/ul>\n<h4><strong>Des professionnels exp\u00e9riment\u00e9s<\/strong><\/h4>\n<p>BKS Construction c\u2019est une entreprise familiale. Notre savoir-faire est transmis de p\u00e8re en fils.<\/p>\n<p>Nous avons r\u00e9ciproquement 20 et 5 ans d\u2019exp\u00e9rience dans le m\u00e9tier et nous sommes chacun sp\u00e9cialis\u00e9s dans un domaine particulier.<\/p>\n<p>Ainsi, nous garantissons un travail soign\u00e9, m\u00e9ticuleux et \u00e0 la hauteur de vos attentes.<\/p>\n<p>Vous \u00eates int\u00e9ress\u00e9 par nos services ? Vous souhaitez faire<span>&nbsp;<\/span><a style=\"color: #f47920;\" href=\"http:\/\/bksconstruction.be\/#contact\"><strong>une demande de devis<\/strong><\/a><span>&nbsp;<\/span>pour un chantier \u00e0 Herve ou ses alentours ? N\u2019h\u00e9sitez pas \u00e0 contacter notre entreprise g\u00e9n\u00e9rale de construction.<\/p>\n","protected":false},"excerpt":{"rendered":"<p>BKS Construction, entreprise de construction \u00e0 Herve, Li\u00e8ge Vous \u00eates \u00e0 la recherche d\u2019une&nbsp;entreprise g\u00e9n\u00e9rale de construction \u00e0 Herve, Li\u00e8ge&nbsp;ou ses alentours ? Faites appel \u00e0 notre soci\u00e9t\u00e9 familiale&nbsp;BKS Construction. Nous nous d\u00e9pla\u00e7ons sur des chantiers dans toute la r\u00e9gion de Li\u00e8ge. Nos services Chez BKS Construction, nous intervenons aussi [&hellip;]<\/p>\n","protected":false},"author":1,"featured_media":131,"parent":0,"menu_order":0,"comment_status":"closed","ping_status":"closed","template":"","meta":{"_monsterinsights_skip_tracking":false,"_monsterinsights_sitenote_active":false,"_monsterinsights_sitenote_note":"","_monsterinsights_sitenote_category":0,"ngg_post_thumbnail":0,"footnotes":""},"yoast_head":"<!-- This site is optimized with the Yoast SEO plugin v16.9 - https:\/\/yoast.com\/wordpress\/plugins\/seo\/ -->\n<title>Entreprise de Construction \u00e0 Herve, Li\u00e8ge | BKS Construction<\/title>\n<meta name=\"description\" content=\"Vous \u00eates \u00e0 la recherche d\u2019une entreprise g\u00e9n\u00e9rale de construction \u00e0 Herve, Li\u00e8ge ou ses alentours ? Faites appel \u00e0 notre soci\u00e9t\u00e9 familiale BKS Construction.\" \/>\n<meta name=\"robots\" content=\"index, follow, max-snippet:-1, max-image-preview:large, max-video-preview:-1\" \/>\n<link rel=\"canonical\" href=\"https:\/\/bksconstruction.be\/\" \/>\n<meta property=\"og:locale\" content=\"en_US\" \/>\n<meta property=\"og:type\" content=\"article\" \/>\n<meta property=\"og:title\" content=\"Entreprise de Construction \u00e0 Herve, Li\u00e8ge | BKS Construction\" \/>\n<meta property=\"og:description\" content=\"Vous \u00eates \u00e0 la recherche d\u2019une entreprise g\u00e9n\u00e9rale de construction \u00e0 Herve, Li\u00e8ge ou ses alentours ? Faites appel \u00e0 notre soci\u00e9t\u00e9 familiale BKS Construction.\" \/>\n<meta property=\"og:url\" content=\"https:\/\/bksconstruction.be\/\" \/>\n<meta property=\"article:modified_time\" content=\"2020-09-10T07:29:33+00:00\" \/>\n<meta property=\"og:image\" content=\"http:\/\/bksconstruction.be\/wp-content\/uploads\/2019\/01\/14.jpg\" \/>\n\t<meta property=\"og:image:width\" content=\"720\" \/>\n\t<meta property=\"og:image:height\" content=\"960\" \/>\n<meta name=\"twitter:card\" content=\"summary_large_image\" \/>\n<meta name=\"twitter:label1\" content=\"Est. reading time\" \/>\n\t<meta name=\"twitter:data1\" content=\"1 minute\" \/>\n<script type=\"application\/ld+json\" class=\"yoast-schema-graph\">{\"@context\":\"https:\/\/schema.org\",\"@graph\":[{\"@type\":\"WebSite\",\"@id\":\"https:\/\/bksconstruction.be\/#website\",\"url\":\"https:\/\/bksconstruction.be\/\",\"name\":\"\",\"description\":\"BKS entreprise de construction \\u00e0 Li\\u00e8ge, logo\",\"potentialAction\":[{\"@type\":\"SearchAction\",\"target\":{\"@type\":\"EntryPoint\",\"urlTemplate\":\"https:\/\/bksconstruction.be\/?s={search_term_string}\"},\"query-input\":\"required name=search_term_string\"}],\"inLanguage\":\"en-US\"},{\"@type\":\"ImageObject\",\"@id\":\"https:\/\/bksconstruction.be\/#primaryimage\",\"inLanguage\":\"en-US\",\"url\":\"http:\/\/bksconstruction.be\/wp-content\/uploads\/2019\/01\/14.jpg\",\"contentUrl\":\"http:\/\/bksconstruction.be\/wp-content\/uploads\/2019\/01\/14.jpg\",\"width\":720,\"height\":960,\"caption\":\"Am\\u00e9nagement ext\\u00e9rieur Li\\u00e8ge\"},{\"@type\":\"WebPage\",\"@id\":\"https:\/\/bksconstruction.be\/#webpage\",\"url\":\"https:\/\/bksconstruction.be\/\",\"name\":\"Entreprise de Construction \\u00e0 Herve, Li\\u00e8ge | BKS Construction\",\"isPartOf\":{\"@id\":\"https:\/\/bksconstruction.be\/#website\"},\"primaryImageOfPage\":{\"@id\":\"https:\/\/bksconstruction.be\/#primaryimage\"},\"datePublished\":\"2019-01-19T09:35:22+00:00\",\"dateModified\":\"2020-09-10T07:29:33+00:00\",\"description\":\"Vous \\u00eates \\u00e0 la recherche d\\u2019une entreprise g\\u00e9n\\u00e9rale de construction \\u00e0 Herve, Li\\u00e8ge ou ses alentours ? Faites appel \\u00e0 notre soci\\u00e9t\\u00e9 familiale BKS Construction.\",\"breadcrumb\":{\"@id\":\"https:\/\/bksconstruction.be\/#breadcrumb\"},\"inLanguage\":\"en-US\",\"potentialAction\":[{\"@type\":\"ReadAction\",\"target\":[\"https:\/\/bksconstruction.be\/\"]}]},{\"@type\":\"BreadcrumbList\",\"@id\":\"https:\/\/bksconstruction.be\/#breadcrumb\",\"itemListElement\":[{\"@type\":\"ListItem\",\"position\":1,\"name\":\"Accueil\",\"item\":\"https:\/\/bksconstruction.be\/\"},{\"@type\":\"ListItem\",\"position\":2,\"name\":\"Page d\\u2019Accueil\"}]}]}<\/script>\n<!-- \/ Yoast SEO plugin. -->","yoast_head_json":{"title":"Entreprise de Construction \u00e0 Herve, Li\u00e8ge | BKS Construction","description":"Vous \u00eates \u00e0 la recherche d\u2019une entreprise g\u00e9n\u00e9rale de construction \u00e0 Herve, Li\u00e8ge ou ses alentours ? Faites appel \u00e0 notre soci\u00e9t\u00e9 familiale BKS Construction.","robots":{"index":"index","follow":"follow","max-snippet":"max-snippet:-1","max-image-preview":"max-image-preview:large","max-video-preview":"max-video-preview:-1"},"canonical":"https:\/\/bksconstruction.be\/","og_locale":"en_US","og_type":"article","og_title":"Entreprise de Construction \u00e0 Herve, Li\u00e8ge | BKS Construction","og_description":"Vous \u00eates \u00e0 la recherche d\u2019une entreprise g\u00e9n\u00e9rale de construction \u00e0 Herve, Li\u00e8ge ou ses alentours ? Faites appel \u00e0 notre soci\u00e9t\u00e9 familiale BKS Construction.","og_url":"https:\/\/bksconstruction.be\/","article_modified_time":"2020-09-10T07:29:33+00:00","og_image":[{"width":720,"height":960,"url":"http:\/\/bksconstruction.be\/wp-content\/uploads\/2019\/01\/14.jpg","path":"\/home\/bksconstxo\/www\/wp-content\/uploads\/2019\/01\/14.jpg","size":"full","id":131,"alt":"","pixels":691200,"type":"image\/jpeg"}],"twitter_card":"summary_large_image","twitter_misc":{"Est. reading time":"1 minute"},"schema":{"@context":"https:\/\/schema.org","@graph":[{"@type":"WebSite","@id":"https:\/\/bksconstruction.be\/#website","url":"https:\/\/bksconstruction.be\/","name":"","description":"BKS entreprise de construction \u00e0 Li\u00e8ge, logo","potentialAction":[{"@type":"SearchAction","target":{"@type":"EntryPoint","urlTemplate":"https:\/\/bksconstruction.be\/?s={search_term_string}"},"query-input":"required name=search_term_string"}],"inLanguage":"en-US"},{"@type":"ImageObject","@id":"https:\/\/bksconstruction.be\/#primaryimage","inLanguage":"en-US","url":"http:\/\/bksconstruction.be\/wp-content\/uploads\/2019\/01\/14.jpg","contentUrl":"http:\/\/bksconstruction.be\/wp-content\/uploads\/2019\/01\/14.jpg","width":720,"height":960,"caption":"Am\u00e9nagement ext\u00e9rieur Li\u00e8ge"},{"@type":"WebPage","@id":"https:\/\/bksconstruction.be\/#webpage","url":"https:\/\/bksconstruction.be\/","name":"Entreprise de Construction \u00e0 Herve, Li\u00e8ge | BKS Construction","isPartOf":{"@id":"https:\/\/bksconstruction.be\/#website"},"primaryImageOfPage":{"@id":"https:\/\/bksconstruction.be\/#primaryimage"},"datePublished":"2019-01-19T09:35:22+00:00","dateModified":"2020-09-10T07:29:33+00:00","description":"Vous \u00eates \u00e0 la recherche d\u2019une entreprise g\u00e9n\u00e9rale de construction \u00e0 Herve, Li\u00e8ge ou ses alentours ? Faites appel \u00e0 notre soci\u00e9t\u00e9 familiale BKS Construction.","breadcrumb":{"@id":"https:\/\/bksconstruction.be\/#breadcrumb"},"inLanguage":"en-US","potentialAction":[{"@type":"ReadAction","target":["https:\/\/bksconstruction.be\/"]}]},{"@type":"BreadcrumbList","@id":"https:\/\/bksconstruction.be\/#breadcrumb","itemListElement":[{"@type":"ListItem","position":1,"name":"Accueil","item":"https:\/\/bksconstruction.be\/"},{"@type":"ListItem","position":2,"name":"Page d\u2019Accueil"}]}]}},"_links":{"self":[{"href":"http:\/\/bksconstruction.be\/index.php\/wp-json\/wp\/v2\/pages\/2"}],"collection":[{"href":"http:\/\/bksconstruction.be\/index.php\/wp-json\/wp\/v2\/pages"}],"about":[{"href":"http:\/\/bksconstruction.be\/index.php\/wp-json\/wp\/v2\/types\/page"}],"author":[{"embeddable":true,"href":"http:\/\/bksconstruction.be\/index.php\/wp-json\/wp\/v2\/users\/1"}],"replies":[{"embeddable":true,"href":"http:\/\/bksconstruction.be\/index.php\/wp-json\/wp\/v2\/comments?post=2"}],"version-history":[{"count":13,"href":"http:\/\/bksconstruction.be\/index.php\/wp-json\/wp\/v2\/pages\/2\/revisions"}],"predecessor-version":[{"id":695,"href":"http:\/\/bksconstruction.be\/index.php\/wp-json\/wp\/v2\/pages\/2\/revisions\/695"}],"wp:featuredmedia":[{"embeddable":true,"href":"http:\/\/bksconstruction.be\/index.php\/wp-json\/wp\/v2\/media\/131"}],"wp:attachment":[{"href":"http:\/\/bksconstruction.be\/index.php\/wp-json\/wp\/v2\/media?parent=2"}],"curies":[{"name":"wp","href":"https:\/\/api.w.org\/{rel}","templated":true}]}}