{"id":21,"date":"2019-01-22T22:33:36","date_gmt":"2019-01-22T21:33:36","guid":{"rendered":"http:\/\/bksconstruction.be\/?page_id=21"},"modified":"2020-09-10T09:42:36","modified_gmt":"2020-09-10T07:42:36","slug":"amenagements-interieurs","status":"publish","type":"page","link":"http:\/\/bksconstruction.be\/index.php\/amenagements-interieurs\/","title":{"rendered":"TRAVAUX DE R\u00c9NOVATION, AM\u00c9NAGEMENT INT\u00c9RIEUR \u00c0 HERVE, LI\u00c8GE ET SES ALENTOURS"},"content":{"rendered":"\n<p>Vous recherchez un sp\u00e9cialiste pour vos&nbsp;<strong>travaux de r\u00e9novation, \u00e0 Herve<\/strong>&nbsp;ou ses alentours, dans votre int\u00e9rieur ? Notre entreprise&nbsp;<strong>BKS Construction<\/strong> r\u00e9pond \u00e0 vos besoins.<\/p>\n\n\n\n<p>Nous nous d\u00e9pla\u00e7ons dans toute la r\u00e9gion de Li\u00e8ge.<\/p>\n\n\n\n<h2 style=\"color:#F47920; font-size: 27px;\"><strong>Am\u00e9nagez votre int\u00e9rieur<\/strong><\/h2>\n\n\n\n<p>Nous intervenons pour la r\u00e9alisation de toutes les finitions int\u00e9rieures dans le cas d\u2019une nouvelle construction mais aussi pour des r\u00e9novations :<\/p>\n\n\n\n<ul><li>peinture int\u00e9rieure<\/li><li>pose de carrelage<\/li><li>pose de parquet<\/li><li>faux plafonds<\/li><\/ul>\n\n\n\n<p>Nous ne sommes pas en mesure de prendre en charge les travaux d\u2019\u00e9lectricit\u00e9, de plomberie et de plafonnage.<\/p>\n\n\n\n<h2 class=\"wp-block-heading\" style=\"color:#F47920; font-size: 27px;\"><strong>Un travail soign\u00e9<\/strong><\/h2>\n\n\n\n<p>Chez BKS Construction, la qualit\u00e9 est notre mot d\u2019ordre. Nous garantissons un travail soign\u00e9 et m\u00e9ticuleux pour offrir un r\u00e9sultat \u00e0 la hauteur de vos attentes.<\/p>\n\n\n\n<p>Nous vous accompagnons tout au long des travaux afin d\u2019\u00eatre certains de r\u00e9pondre \u00e0 vos envies, vos besoins et tout ceci dans le respect de votre budget.<\/p>\n\n\n\n<p>Vous souhaitez en savoir plus sur nos services ? Vous d\u00e9sirez prendre rendez-vous pour un devis ? N\u2019h\u00e9sitez pas&nbsp;<a style=\"color:#F47920\" href=\"http:\/\/bksconstruction.be\/#contact\"><strong>\u00e0 contacter<\/strong><\/a>&nbsp;notre entreprise de construction. Les devis sont gratuits.<\/p>\n","protected":false},"excerpt":{"rendered":"<p>Vous recherchez un sp\u00e9cialiste pour vos&nbsp;travaux de r\u00e9novation, \u00e0 Herve&nbsp;ou ses alentours, dans votre int\u00e9rieur ? Notre entreprise&nbsp;BKS Construction r\u00e9pond \u00e0 vos besoins. Nous nous d\u00e9pla\u00e7ons dans toute la r\u00e9gion de Li\u00e8ge. Am\u00e9nagez votre int\u00e9rieur Nous intervenons pour la r\u00e9alisation de toutes les finitions int\u00e9rieures dans le cas d\u2019une nouvelle [&hellip;]<\/p>\n","protected":false},"author":1,"featured_media":377,"parent":0,"menu_order":0,"comment_status":"closed","ping_status":"closed","template":"","meta":{"_monsterinsights_skip_tracking":false,"_monsterinsights_sitenote_active":false,"_monsterinsights_sitenote_note":"","_monsterinsights_sitenote_category":0,"ngg_post_thumbnail":0,"footnotes":""},"yoast_head":"<!-- This site is optimized with the Yoast SEO plugin v16.9 - https:\/\/yoast.com\/wordpress\/plugins\/seo\/ -->\n<title>Travaux de R\u00e9novation, Am\u00e9nagement Int\u00e9rieur | Herve, Li\u00e8ge, Soumagne<\/title>\n<meta name=\"description\" content=\"Vous recherchez un sp\u00e9cialiste pour vos travaux de r\u00e9novation, \u00e0 Herve ou ses alentours, dans votre int\u00e9rieur ? BKS Construction r\u00e9pond \u00e0 vos besoins.\" \/>\n<meta name=\"robots\" content=\"index, follow, max-snippet:-1, max-image-preview:large, max-video-preview:-1\" \/>\n<link rel=\"canonical\" href=\"http:\/\/bksconstruction.be\/index.php\/amenagements-interieurs\/\" \/>\n<meta property=\"og:locale\" content=\"en_US\" \/>\n<meta property=\"og:type\" content=\"article\" \/>\n<meta property=\"og:title\" content=\"Travaux de R\u00e9novation, Am\u00e9nagement Int\u00e9rieur | Herve, Li\u00e8ge, Soumagne\" \/>\n<meta property=\"og:description\" content=\"Vous recherchez un sp\u00e9cialiste pour vos travaux de r\u00e9novation, \u00e0 Herve ou ses alentours, dans votre int\u00e9rieur ? BKS Construction r\u00e9pond \u00e0 vos besoins.\" \/>\n<meta property=\"og:url\" content=\"http:\/\/bksconstruction.be\/index.php\/amenagements-interieurs\/\" \/>\n<meta property=\"article:modified_time\" content=\"2020-09-10T07:42:36+00:00\" \/>\n<meta property=\"og:image\" content=\"http:\/\/bksconstruction.be\/wp-content\/uploads\/2019\/02\/BKSconstruction-Herve-Mme-roy-13.jpg\" \/>\n\t<meta property=\"og:image:width\" content=\"720\" \/>\n\t<meta property=\"og:image:height\" content=\"960\" \/>\n<meta name=\"twitter:card\" content=\"summary_large_image\" \/>\n<meta name=\"twitter:label1\" content=\"Est. reading time\" \/>\n\t<meta name=\"twitter:data1\" content=\"1 minute\" \/>\n<script type=\"application\/ld+json\" class=\"yoast-schema-graph\">{\"@context\":\"https:\/\/schema.org\",\"@graph\":[{\"@type\":\"WebSite\",\"@id\":\"https:\/\/bksconstruction.be\/#website\",\"url\":\"https:\/\/bksconstruction.be\/\",\"name\":\"\",\"description\":\"BKS entreprise de construction \\u00e0 Li\\u00e8ge, logo\",\"potentialAction\":[{\"@type\":\"SearchAction\",\"target\":{\"@type\":\"EntryPoint\",\"urlTemplate\":\"https:\/\/bksconstruction.be\/?s={search_term_string}\"},\"query-input\":\"required name=search_term_string\"}],\"inLanguage\":\"en-US\"},{\"@type\":\"ImageObject\",\"@id\":\"http:\/\/bksconstruction.be\/index.php\/amenagements-interieurs\/#primaryimage\",\"inLanguage\":\"en-US\",\"url\":\"http:\/\/bksconstruction.be\/wp-content\/uploads\/2019\/02\/BKSconstruction-Herve-Mme-roy-13.jpg\",\"contentUrl\":\"http:\/\/bksconstruction.be\/wp-content\/uploads\/2019\/02\/BKSconstruction-Herve-Mme-roy-13.jpg\",\"width\":720,\"height\":960,\"caption\":\"Am\\u00e9nagement int\\u00e9rieur Li\\u00e8ge\"},{\"@type\":\"WebPage\",\"@id\":\"http:\/\/bksconstruction.be\/index.php\/amenagements-interieurs\/#webpage\",\"url\":\"http:\/\/bksconstruction.be\/index.php\/amenagements-interieurs\/\",\"name\":\"Travaux de R\\u00e9novation, Am\\u00e9nagement Int\\u00e9rieur | Herve, Li\\u00e8ge, Soumagne\",\"isPartOf\":{\"@id\":\"https:\/\/bksconstruction.be\/#website\"},\"primaryImageOfPage\":{\"@id\":\"http:\/\/bksconstruction.be\/index.php\/amenagements-interieurs\/#primaryimage\"},\"datePublished\":\"2019-01-22T21:33:36+00:00\",\"dateModified\":\"2020-09-10T07:42:36+00:00\",\"description\":\"Vous recherchez un sp\\u00e9cialiste pour vos travaux de r\\u00e9novation, \\u00e0 Herve ou ses alentours, dans votre int\\u00e9rieur ? BKS Construction r\\u00e9pond \\u00e0 vos besoins.\",\"breadcrumb\":{\"@id\":\"http:\/\/bksconstruction.be\/index.php\/amenagements-interieurs\/#breadcrumb\"},\"inLanguage\":\"en-US\",\"potentialAction\":[{\"@type\":\"ReadAction\",\"target\":[\"http:\/\/bksconstruction.be\/index.php\/amenagements-interieurs\/\"]}]},{\"@type\":\"BreadcrumbList\",\"@id\":\"http:\/\/bksconstruction.be\/index.php\/amenagements-interieurs\/#breadcrumb\",\"itemListElement\":[{\"@type\":\"ListItem\",\"position\":1,\"name\":\"Accueil\",\"item\":\"https:\/\/bksconstruction.be\/\"},{\"@type\":\"ListItem\",\"position\":2,\"name\":\"TRAVAUX DE R\\u00c9NOVATION, AM\\u00c9NAGEMENT INT\\u00c9RIEUR \\u00c0 HERVE, LI\\u00c8GE ET SES ALENTOURS\"}]}]}<\/script>\n<!-- \/ Yoast SEO plugin. -->","yoast_head_json":{"title":"Travaux de R\u00e9novation, Am\u00e9nagement Int\u00e9rieur | Herve, Li\u00e8ge, Soumagne","description":"Vous recherchez un sp\u00e9cialiste pour vos travaux de r\u00e9novation, \u00e0 Herve ou ses alentours, dans votre int\u00e9rieur ? BKS Construction r\u00e9pond \u00e0 vos besoins.","robots":{"index":"index","follow":"follow","max-snippet":"max-snippet:-1","max-image-preview":"max-image-preview:large","max-video-preview":"max-video-preview:-1"},"canonical":"http:\/\/bksconstruction.be\/index.php\/amenagements-interieurs\/","og_locale":"en_US","og_type":"article","og_title":"Travaux de R\u00e9novation, Am\u00e9nagement Int\u00e9rieur | Herve, Li\u00e8ge, Soumagne","og_description":"Vous recherchez un sp\u00e9cialiste pour vos travaux de r\u00e9novation, \u00e0 Herve ou ses alentours, dans votre int\u00e9rieur ? BKS Construction r\u00e9pond \u00e0 vos besoins.","og_url":"http:\/\/bksconstruction.be\/index.php\/amenagements-interieurs\/","article_modified_time":"2020-09-10T07:42:36+00:00","og_image":[{"width":720,"height":960,"url":"http:\/\/bksconstruction.be\/wp-content\/uploads\/2019\/02\/BKSconstruction-Herve-Mme-roy-13.jpg","path":"\/home\/bksconstxo\/www\/wp-content\/uploads\/2019\/02\/BKSconstruction-Herve-Mme-roy-13.jpg","size":"full","id":377,"alt":"","pixels":691200,"type":"image\/jpeg"}],"twitter_card":"summary_large_image","twitter_misc":{"Est. reading time":"1 minute"},"schema":{"@context":"https:\/\/schema.org","@graph":[{"@type":"WebSite","@id":"https:\/\/bksconstruction.be\/#website","url":"https:\/\/bksconstruction.be\/","name":"","description":"BKS entreprise de construction \u00e0 Li\u00e8ge, logo","potentialAction":[{"@type":"SearchAction","target":{"@type":"EntryPoint","urlTemplate":"https:\/\/bksconstruction.be\/?s={search_term_string}"},"query-input":"required name=search_term_string"}],"inLanguage":"en-US"},{"@type":"ImageObject","@id":"http:\/\/bksconstruction.be\/index.php\/amenagements-interieurs\/#primaryimage","inLanguage":"en-US","url":"http:\/\/bksconstruction.be\/wp-content\/uploads\/2019\/02\/BKSconstruction-Herve-Mme-roy-13.jpg","contentUrl":"http:\/\/bksconstruction.be\/wp-content\/uploads\/2019\/02\/BKSconstruction-Herve-Mme-roy-13.jpg","width":720,"height":960,"caption":"Am\u00e9nagement int\u00e9rieur Li\u00e8ge"},{"@type":"WebPage","@id":"http:\/\/bksconstruction.be\/index.php\/amenagements-interieurs\/#webpage","url":"http:\/\/bksconstruction.be\/index.php\/amenagements-interieurs\/","name":"Travaux de R\u00e9novation, Am\u00e9nagement Int\u00e9rieur | Herve, Li\u00e8ge, Soumagne","isPartOf":{"@id":"https:\/\/bksconstruction.be\/#website"},"primaryImageOfPage":{"@id":"http:\/\/bksconstruction.be\/index.php\/amenagements-interieurs\/#primaryimage"},"datePublished":"2019-01-22T21:33:36+00:00","dateModified":"2020-09-10T07:42:36+00:00","description":"Vous recherchez un sp\u00e9cialiste pour vos travaux de r\u00e9novation, \u00e0 Herve ou ses alentours, dans votre int\u00e9rieur ? BKS Construction r\u00e9pond \u00e0 vos besoins.","breadcrumb":{"@id":"http:\/\/bksconstruction.be\/index.php\/amenagements-interieurs\/#breadcrumb"},"inLanguage":"en-US","potentialAction":[{"@type":"ReadAction","target":["http:\/\/bksconstruction.be\/index.php\/amenagements-interieurs\/"]}]},{"@type":"BreadcrumbList","@id":"http:\/\/bksconstruction.be\/index.php\/amenagements-interieurs\/#breadcrumb","itemListElement":[{"@type":"ListItem","position":1,"name":"Accueil","item":"https:\/\/bksconstruction.be\/"},{"@type":"ListItem","position":2,"name":"TRAVAUX DE R\u00c9NOVATION, AM\u00c9NAGEMENT INT\u00c9RIEUR \u00c0 HERVE, LI\u00c8GE ET SES ALENTOURS"}]}]}},"_links":{"self":[{"href":"http:\/\/bksconstruction.be\/index.php\/wp-json\/wp\/v2\/pages\/21"}],"collection":[{"href":"http:\/\/bksconstruction.be\/index.php\/wp-json\/wp\/v2\/pages"}],"about":[{"href":"http:\/\/bksconstruction.be\/index.php\/wp-json\/wp\/v2\/types\/page"}],"author":[{"embeddable":true,"href":"http:\/\/bksconstruction.be\/index.php\/wp-json\/wp\/v2\/users\/1"}],"replies":[{"embeddable":true,"href":"http:\/\/bksconstruction.be\/index.php\/wp-json\/wp\/v2\/comments?post=21"}],"version-history":[{"count":13,"href":"http:\/\/bksconstruction.be\/index.php\/wp-json\/wp\/v2\/pages\/21\/revisions"}],"predecessor-version":[{"id":564,"href":"http:\/\/bksconstruction.be\/index.php\/wp-json\/wp\/v2\/pages\/21\/revisions\/564"}],"wp:featuredmedia":[{"embeddable":true,"href":"http:\/\/bksconstruction.be\/index.php\/wp-json\/wp\/v2\/media\/377"}],"wp:attachment":[{"href":"http:\/\/bksconstruction.be\/index.php\/wp-json\/wp\/v2\/media?parent=21"}],"curies":[{"name":"wp","href":"https:\/\/api.w.org\/{rel}","templated":true}]}}