{"id":23,"date":"2019-01-22T22:34:07","date_gmt":"2019-01-22T21:34:07","guid":{"rendered":"http:\/\/bksconstruction.be\/?page_id=23"},"modified":"2021-05-07T09:49:06","modified_gmt":"2021-05-07T07:49:06","slug":"amenagements-exterieurs","status":"publish","type":"page","link":"http:\/\/bksconstruction.be\/index.php\/amenagements-exterieurs\/","title":{"rendered":"AM\u00c9NAGEMENT EXT\u00c9RIEUR \u00c0 HERVE, LI\u00c8GE ET SES ALENTOURS"},"content":{"rendered":"\n<p>Chez&nbsp;<strong>BSK Construction<\/strong>, nous vous accompagnons dans l\u2019<strong>am\u00e9nagement de votre ext\u00e9rieur<\/strong>.<\/p>\n\n\n\n<h2 style=\"color:#F47920; font-size: 27px;\"><strong>Am\u00e9nagez votre jardin ou espace ext\u00e9rieur<\/strong><\/h2>\n\n\n\n<p>Faites de votre espace ext\u00e9rieur un v\u00e9ritable havre de paix. Nous prenons en compte vos envies et de vos go\u00fbts dans la r\u00e9alisation des travaux :<\/p>\n\n\n\n<ul><li>pose de pelouse<\/li><li>abri de jardin<\/li><li>escaliers ext\u00e9rieurs<\/li><li>pose de bordures<\/li><\/ul>\n\n\n\n<p>Nous vous accompagnons dans tous vos choix afin de vous aider \u00e0 obtenir le r\u00e9sultat que vous souhaitez en fonction de votre budget.<\/p>\n\n\n\n<h2 style=\"color:#F47920; font-size: 27px;\"><strong>Cr\u00e9ation de terrasse<\/strong><\/h2>\n\n\n\n<p><a href=\"http:\/\/bksconstruction.be\/index.php\/terrassement\/\">Sp\u00e9cialiste du terrassement<\/a>, nous sommes en mesure de r\u00e9aliser la terrasse de vos r\u00eaves :<\/p>\n\n\n\n<ul><li>cr\u00e9ation de terrasse<\/li><li>pose de rev\u00eatement de sol<\/li><li>installation de lumi\u00e8res d\u00e9coratives<\/li><li>etc.<\/li><\/ul>\n\n\n\n<p>Vous souhaitez en savoir plus sur nos services ? Vous d\u00e9sirez prendre rendez-vous pour un devis ? N\u2019h\u00e9sitez pas&nbsp;<a style=\"color:#F47920\" href=\"http:\/\/bksconstruction.be\/#contact\"><strong>\u00e0 contacter<\/strong><\/a>&nbsp;notre entreprise de construction. Les devis sont gratuits.<\/p>\n","protected":false},"excerpt":{"rendered":"<p>Chez&nbsp;BSK Construction, nous vous accompagnons dans l\u2019am\u00e9nagement de votre ext\u00e9rieur. Am\u00e9nagez votre jardin ou espace ext\u00e9rieur Faites de votre espace ext\u00e9rieur un v\u00e9ritable havre de paix. Nous prenons en compte vos envies et de vos go\u00fbts dans la r\u00e9alisation des travaux : pose de pelouse abri de jardin escaliers ext\u00e9rieurs [&hellip;]<\/p>\n","protected":false},"author":1,"featured_media":59,"parent":0,"menu_order":0,"comment_status":"closed","ping_status":"closed","template":"","meta":{"_monsterinsights_skip_tracking":false,"_monsterinsights_sitenote_active":false,"_monsterinsights_sitenote_note":"","_monsterinsights_sitenote_category":0,"ngg_post_thumbnail":0,"footnotes":""},"yoast_head":"<!-- This site is optimized with the Yoast SEO plugin v16.9 - https:\/\/yoast.com\/wordpress\/plugins\/seo\/ -->\n<title>Am\u00e9nagement Ext\u00e9rieur &amp; Cr\u00e9ation de Terrasse \u00e0 Herve, Li\u00e8ge<\/title>\n<meta name=\"description\" content=\"Faites de votre ext\u00e9rieur un v\u00e9ritable havre de paix. Nous prenons en compte vos envies &amp; vos go\u00fbts pour l&#039;am\u00e9nagement de vos ext\u00e9rieurs \u00e0 Li\u00e8ge.\" \/>\n<meta name=\"robots\" content=\"index, follow, max-snippet:-1, max-image-preview:large, max-video-preview:-1\" \/>\n<link rel=\"canonical\" href=\"http:\/\/bksconstruction.be\/index.php\/amenagements-exterieurs\/\" \/>\n<meta property=\"og:locale\" content=\"en_US\" \/>\n<meta property=\"og:type\" content=\"article\" \/>\n<meta property=\"og:title\" content=\"Am\u00e9nagement Ext\u00e9rieur &amp; Cr\u00e9ation de Terrasse \u00e0 Herve, Li\u00e8ge\" \/>\n<meta property=\"og:description\" content=\"Faites de votre ext\u00e9rieur un v\u00e9ritable havre de paix. Nous prenons en compte vos envies &amp; vos go\u00fbts pour l&#039;am\u00e9nagement de vos ext\u00e9rieurs \u00e0 Li\u00e8ge.\" \/>\n<meta property=\"og:url\" content=\"http:\/\/bksconstruction.be\/index.php\/amenagements-exterieurs\/\" \/>\n<meta property=\"article:modified_time\" content=\"2021-05-07T07:49:06+00:00\" \/>\n<meta property=\"og:image\" content=\"http:\/\/bksconstruction.be\/wp-content\/uploads\/2019\/01\/Header_exterieur.jpg\" \/>\n\t<meta property=\"og:image:width\" content=\"720\" \/>\n\t<meta property=\"og:image:height\" content=\"960\" \/>\n<meta name=\"twitter:card\" content=\"summary_large_image\" \/>\n<meta name=\"twitter:label1\" content=\"Est. reading time\" \/>\n\t<meta name=\"twitter:data1\" content=\"1 minute\" \/>\n<script type=\"application\/ld+json\" class=\"yoast-schema-graph\">{\"@context\":\"https:\/\/schema.org\",\"@graph\":[{\"@type\":\"WebSite\",\"@id\":\"https:\/\/bksconstruction.be\/#website\",\"url\":\"https:\/\/bksconstruction.be\/\",\"name\":\"\",\"description\":\"BKS entreprise de construction \\u00e0 Li\\u00e8ge, logo\",\"potentialAction\":[{\"@type\":\"SearchAction\",\"target\":{\"@type\":\"EntryPoint\",\"urlTemplate\":\"https:\/\/bksconstruction.be\/?s={search_term_string}\"},\"query-input\":\"required name=search_term_string\"}],\"inLanguage\":\"en-US\"},{\"@type\":\"ImageObject\",\"@id\":\"http:\/\/bksconstruction.be\/index.php\/amenagements-exterieurs\/#primaryimage\",\"inLanguage\":\"en-US\",\"url\":\"http:\/\/bksconstruction.be\/wp-content\/uploads\/2019\/01\/Header_exterieur.jpg\",\"contentUrl\":\"http:\/\/bksconstruction.be\/wp-content\/uploads\/2019\/01\/Header_exterieur.jpg\",\"width\":720,\"height\":960,\"caption\":\"Terrassement Herve\"},{\"@type\":\"WebPage\",\"@id\":\"http:\/\/bksconstruction.be\/index.php\/amenagements-exterieurs\/#webpage\",\"url\":\"http:\/\/bksconstruction.be\/index.php\/amenagements-exterieurs\/\",\"name\":\"Am\\u00e9nagement Ext\\u00e9rieur & Cr\\u00e9ation de Terrasse \\u00e0 Herve, Li\\u00e8ge\",\"isPartOf\":{\"@id\":\"https:\/\/bksconstruction.be\/#website\"},\"primaryImageOfPage\":{\"@id\":\"http:\/\/bksconstruction.be\/index.php\/amenagements-exterieurs\/#primaryimage\"},\"datePublished\":\"2019-01-22T21:34:07+00:00\",\"dateModified\":\"2021-05-07T07:49:06+00:00\",\"description\":\"Faites de votre ext\\u00e9rieur un v\\u00e9ritable havre de paix. Nous prenons en compte vos envies & vos go\\u00fbts pour l'am\\u00e9nagement de vos ext\\u00e9rieurs \\u00e0 Li\\u00e8ge.\",\"breadcrumb\":{\"@id\":\"http:\/\/bksconstruction.be\/index.php\/amenagements-exterieurs\/#breadcrumb\"},\"inLanguage\":\"en-US\",\"potentialAction\":[{\"@type\":\"ReadAction\",\"target\":[\"http:\/\/bksconstruction.be\/index.php\/amenagements-exterieurs\/\"]}]},{\"@type\":\"BreadcrumbList\",\"@id\":\"http:\/\/bksconstruction.be\/index.php\/amenagements-exterieurs\/#breadcrumb\",\"itemListElement\":[{\"@type\":\"ListItem\",\"position\":1,\"name\":\"Accueil\",\"item\":\"https:\/\/bksconstruction.be\/\"},{\"@type\":\"ListItem\",\"position\":2,\"name\":\"AM\\u00c9NAGEMENT EXT\\u00c9RIEUR \\u00c0 HERVE, LI\\u00c8GE ET SES ALENTOURS\"}]}]}<\/script>\n<!-- \/ Yoast SEO plugin. -->","yoast_head_json":{"title":"Am\u00e9nagement Ext\u00e9rieur & Cr\u00e9ation de Terrasse \u00e0 Herve, Li\u00e8ge","description":"Faites de votre ext\u00e9rieur un v\u00e9ritable havre de paix. Nous prenons en compte vos envies & vos go\u00fbts pour l'am\u00e9nagement de vos ext\u00e9rieurs \u00e0 Li\u00e8ge.","robots":{"index":"index","follow":"follow","max-snippet":"max-snippet:-1","max-image-preview":"max-image-preview:large","max-video-preview":"max-video-preview:-1"},"canonical":"http:\/\/bksconstruction.be\/index.php\/amenagements-exterieurs\/","og_locale":"en_US","og_type":"article","og_title":"Am\u00e9nagement Ext\u00e9rieur & Cr\u00e9ation de Terrasse \u00e0 Herve, Li\u00e8ge","og_description":"Faites de votre ext\u00e9rieur un v\u00e9ritable havre de paix. Nous prenons en compte vos envies & vos go\u00fbts pour l'am\u00e9nagement de vos ext\u00e9rieurs \u00e0 Li\u00e8ge.","og_url":"http:\/\/bksconstruction.be\/index.php\/amenagements-exterieurs\/","article_modified_time":"2021-05-07T07:49:06+00:00","og_image":[{"width":720,"height":960,"url":"http:\/\/bksconstruction.be\/wp-content\/uploads\/2019\/01\/Header_exterieur.jpg","path":"\/home\/bksconstxo\/www\/wp-content\/uploads\/2019\/01\/Header_exterieur.jpg","size":"full","id":59,"alt":"am\u00e9nagement ext\u00e9rieur Herve, Li\u00e8ge","pixels":691200,"type":"image\/jpeg"}],"twitter_card":"summary_large_image","twitter_misc":{"Est. reading time":"1 minute"},"schema":{"@context":"https:\/\/schema.org","@graph":[{"@type":"WebSite","@id":"https:\/\/bksconstruction.be\/#website","url":"https:\/\/bksconstruction.be\/","name":"","description":"BKS entreprise de construction \u00e0 Li\u00e8ge, logo","potentialAction":[{"@type":"SearchAction","target":{"@type":"EntryPoint","urlTemplate":"https:\/\/bksconstruction.be\/?s={search_term_string}"},"query-input":"required name=search_term_string"}],"inLanguage":"en-US"},{"@type":"ImageObject","@id":"http:\/\/bksconstruction.be\/index.php\/amenagements-exterieurs\/#primaryimage","inLanguage":"en-US","url":"http:\/\/bksconstruction.be\/wp-content\/uploads\/2019\/01\/Header_exterieur.jpg","contentUrl":"http:\/\/bksconstruction.be\/wp-content\/uploads\/2019\/01\/Header_exterieur.jpg","width":720,"height":960,"caption":"Terrassement Herve"},{"@type":"WebPage","@id":"http:\/\/bksconstruction.be\/index.php\/amenagements-exterieurs\/#webpage","url":"http:\/\/bksconstruction.be\/index.php\/amenagements-exterieurs\/","name":"Am\u00e9nagement Ext\u00e9rieur & Cr\u00e9ation de Terrasse \u00e0 Herve, Li\u00e8ge","isPartOf":{"@id":"https:\/\/bksconstruction.be\/#website"},"primaryImageOfPage":{"@id":"http:\/\/bksconstruction.be\/index.php\/amenagements-exterieurs\/#primaryimage"},"datePublished":"2019-01-22T21:34:07+00:00","dateModified":"2021-05-07T07:49:06+00:00","description":"Faites de votre ext\u00e9rieur un v\u00e9ritable havre de paix. Nous prenons en compte vos envies & vos go\u00fbts pour l'am\u00e9nagement de vos ext\u00e9rieurs \u00e0 Li\u00e8ge.","breadcrumb":{"@id":"http:\/\/bksconstruction.be\/index.php\/amenagements-exterieurs\/#breadcrumb"},"inLanguage":"en-US","potentialAction":[{"@type":"ReadAction","target":["http:\/\/bksconstruction.be\/index.php\/amenagements-exterieurs\/"]}]},{"@type":"BreadcrumbList","@id":"http:\/\/bksconstruction.be\/index.php\/amenagements-exterieurs\/#breadcrumb","itemListElement":[{"@type":"ListItem","position":1,"name":"Accueil","item":"https:\/\/bksconstruction.be\/"},{"@type":"ListItem","position":2,"name":"AM\u00c9NAGEMENT EXT\u00c9RIEUR \u00c0 HERVE, LI\u00c8GE ET SES ALENTOURS"}]}]}},"_links":{"self":[{"href":"http:\/\/bksconstruction.be\/index.php\/wp-json\/wp\/v2\/pages\/23"}],"collection":[{"href":"http:\/\/bksconstruction.be\/index.php\/wp-json\/wp\/v2\/pages"}],"about":[{"href":"http:\/\/bksconstruction.be\/index.php\/wp-json\/wp\/v2\/types\/page"}],"author":[{"embeddable":true,"href":"http:\/\/bksconstruction.be\/index.php\/wp-json\/wp\/v2\/users\/1"}],"replies":[{"embeddable":true,"href":"http:\/\/bksconstruction.be\/index.php\/wp-json\/wp\/v2\/comments?post=23"}],"version-history":[{"count":19,"href":"http:\/\/bksconstruction.be\/index.php\/wp-json\/wp\/v2\/pages\/23\/revisions"}],"predecessor-version":[{"id":700,"href":"http:\/\/bksconstruction.be\/index.php\/wp-json\/wp\/v2\/pages\/23\/revisions\/700"}],"wp:featuredmedia":[{"embeddable":true,"href":"http:\/\/bksconstruction.be\/index.php\/wp-json\/wp\/v2\/media\/59"}],"wp:attachment":[{"href":"http:\/\/bksconstruction.be\/index.php\/wp-json\/wp\/v2\/media?parent=23"}],"curies":[{"name":"wp","href":"https:\/\/api.w.org\/{rel}","templated":true}]}}