{"id":25,"date":"2019-01-22T22:34:38","date_gmt":"2019-01-22T21:34:38","guid":{"rendered":"http:\/\/bksconstruction.be\/?page_id=25"},"modified":"2021-05-07T09:55:59","modified_gmt":"2021-05-07T07:55:59","slug":"reseaux-degouttage","status":"publish","type":"page","link":"http:\/\/bksconstruction.be\/index.php\/reseaux-degouttage\/","title":{"rendered":"VOTRE SP\u00c9CIALISTE DE TRAVAUX D&#8217;\u00c9GOUTTAGE \u00c0 HERVE, LI\u00c8GE"},"content":{"rendered":"\n<p>Chez<strong>&nbsp;BKS Construction<\/strong>, nous installons votre r\u00e9seau complet de conduites pour<strong>&nbsp;l\u2019\u00e9gouttage \u00e0 Herve<\/strong>&nbsp;ou ses alentours.<\/p>\n\n\n\n<p>Nous sommes actifs dans toute la province de Li\u00e8ge.<\/p>\n\n\n\n<h2 style=\"color:#F47920; font-size: 27px;\"><strong>Travaux d&#8217;\u00e9gouttage<\/strong><\/h2>\n\n\n\n<p>La mise en place d\u2019un bon r\u00e9seau d\u2019\u00e9gouttage est une \u00e9tape primordiale lors de la construction de votre habitation.<\/p>\n\n\n\n<p>Chez BSK Construction, nous garantissons un service complet et efficace :<\/p>\n\n\n\n<ul><li>tranch\u00e9es autour de l\u2019habitation<\/li><li><strong>raccordement des conduites<\/strong><\/li><li>pose de citerne,&nbsp;<strong>fosse septique<\/strong>, mini station d\u2019\u00e9puration, etc.<\/li><\/ul>\n\n\n\n<p>Nous travaillons toujours dans le respect des prescriptions urbanistiques.<\/p>\n\n\n\n<h2 style=\"color:#F47920; font-size: 27px;\"><strong>Un service sur mesure<\/strong><\/h2>\n\n\n\n<p>Dans le cas de gros travaux de r\u00e9novation, nous sommes en mesure de constituer le r\u00e9seau d\u2019\u00e9gouttage en fonction de ce qui a \u00e9t\u00e9 pr\u00e9vu lors de la construction ou de ce qui est d\u00e9j\u00e0 existant.<\/p>\n\n\n\n<p>Vous souhaitez en savoir plus sur nos services ? Vous d\u00e9sirez prendre rendez-vous pour un devis ? N\u2019h\u00e9sitez pas&nbsp;<a style=\"color:#F47920\" href=\"http:\/\/bksconstruction.be\/#contact\"><strong>\u00e0 contacter<\/strong><\/a><strong>&nbsp;<\/strong>notre entreprise de construction. Les <strong>devis sont gratuits<\/strong>.<\/p>\n","protected":false},"excerpt":{"rendered":"<p>Chez&nbsp;BKS Construction, nous installons votre r\u00e9seau complet de conduites pour&nbsp;l\u2019\u00e9gouttage \u00e0 Herve&nbsp;ou ses alentours. Nous sommes actifs dans toute la province de Li\u00e8ge. Travaux d&#8217;\u00e9gouttage La mise en place d\u2019un bon r\u00e9seau d\u2019\u00e9gouttage est une \u00e9tape primordiale lors de la construction de votre habitation. Chez BSK Construction, nous garantissons un [&hellip;]<\/p>\n","protected":false},"author":1,"featured_media":383,"parent":0,"menu_order":0,"comment_status":"closed","ping_status":"closed","template":"","meta":{"_monsterinsights_skip_tracking":false,"_monsterinsights_sitenote_active":false,"_monsterinsights_sitenote_note":"","_monsterinsights_sitenote_category":0,"ngg_post_thumbnail":0,"footnotes":""},"yoast_head":"<!-- This site is optimized with the Yoast SEO plugin v16.9 - https:\/\/yoast.com\/wordpress\/plugins\/seo\/ -->\n<title>Travaux d&#039;\u00c9gouttage, Pose Citerne, Fosse Septique | Herve, Li\u00e8ge<\/title>\n<meta name=\"description\" content=\"BKS Construction, \u00e0 Herve, s&#039;occupe de tous vos travaux d&#039;\u00e9gouttage dans la province de Li\u00e8ge. Appelez-nous pour un devis gratuit.\" \/>\n<meta name=\"robots\" content=\"index, follow, max-snippet:-1, max-image-preview:large, max-video-preview:-1\" \/>\n<link rel=\"canonical\" href=\"https:\/\/bksconstruction.be\/index.php\/reseaux-degouttage\/\" \/>\n<meta property=\"og:locale\" content=\"en_US\" \/>\n<meta property=\"og:type\" content=\"article\" \/>\n<meta property=\"og:title\" content=\"Travaux d&#039;\u00c9gouttage, Pose Citerne, Fosse Septique | Herve, Li\u00e8ge\" \/>\n<meta property=\"og:description\" content=\"BKS Construction, \u00e0 Herve, s&#039;occupe de tous vos travaux d&#039;\u00e9gouttage dans la province de Li\u00e8ge. Appelez-nous pour un devis gratuit.\" \/>\n<meta property=\"og:url\" content=\"https:\/\/bksconstruction.be\/index.php\/reseaux-degouttage\/\" \/>\n<meta property=\"article:modified_time\" content=\"2021-05-07T07:55:59+00:00\" \/>\n<meta property=\"og:image\" content=\"http:\/\/bksconstruction.be\/wp-content\/uploads\/2019\/02\/BKSconstruction-Mme-Mattelet-Liers-4-e1550521246538-768x1024.jpg\" \/>\n\t<meta property=\"og:image:width\" content=\"768\" \/>\n\t<meta property=\"og:image:height\" content=\"1024\" \/>\n<meta name=\"twitter:card\" content=\"summary_large_image\" \/>\n<meta name=\"twitter:label1\" content=\"Est. reading time\" \/>\n\t<meta name=\"twitter:data1\" content=\"1 minute\" \/>\n<script type=\"application\/ld+json\" class=\"yoast-schema-graph\">{\"@context\":\"https:\/\/schema.org\",\"@graph\":[{\"@type\":\"WebSite\",\"@id\":\"https:\/\/bksconstruction.be\/#website\",\"url\":\"https:\/\/bksconstruction.be\/\",\"name\":\"\",\"description\":\"BKS entreprise de construction \\u00e0 Li\\u00e8ge, logo\",\"potentialAction\":[{\"@type\":\"SearchAction\",\"target\":{\"@type\":\"EntryPoint\",\"urlTemplate\":\"https:\/\/bksconstruction.be\/?s={search_term_string}\"},\"query-input\":\"required name=search_term_string\"}],\"inLanguage\":\"en-US\"},{\"@type\":\"ImageObject\",\"@id\":\"https:\/\/bksconstruction.be\/index.php\/reseaux-degouttage\/#primaryimage\",\"inLanguage\":\"en-US\",\"url\":\"http:\/\/bksconstruction.be\/wp-content\/uploads\/2019\/02\/BKSconstruction-Mme-Mattelet-Liers-4-e1550521246538.jpg\",\"contentUrl\":\"http:\/\/bksconstruction.be\/wp-content\/uploads\/2019\/02\/BKSconstruction-Mme-Mattelet-Liers-4-e1550521246538.jpg\",\"width\":3024,\"height\":4032,\"caption\":\"Am\\u00e9nagement jardin Li\\u00e8ge\"},{\"@type\":\"WebPage\",\"@id\":\"https:\/\/bksconstruction.be\/index.php\/reseaux-degouttage\/#webpage\",\"url\":\"https:\/\/bksconstruction.be\/index.php\/reseaux-degouttage\/\",\"name\":\"Travaux d'\\u00c9gouttage, Pose Citerne, Fosse Septique | Herve, Li\\u00e8ge\",\"isPartOf\":{\"@id\":\"https:\/\/bksconstruction.be\/#website\"},\"primaryImageOfPage\":{\"@id\":\"https:\/\/bksconstruction.be\/index.php\/reseaux-degouttage\/#primaryimage\"},\"datePublished\":\"2019-01-22T21:34:38+00:00\",\"dateModified\":\"2021-05-07T07:55:59+00:00\",\"description\":\"BKS Construction, \\u00e0 Herve, s'occupe de tous vos travaux d'\\u00e9gouttage dans la province de Li\\u00e8ge. Appelez-nous pour un devis gratuit.\",\"breadcrumb\":{\"@id\":\"https:\/\/bksconstruction.be\/index.php\/reseaux-degouttage\/#breadcrumb\"},\"inLanguage\":\"en-US\",\"potentialAction\":[{\"@type\":\"ReadAction\",\"target\":[\"https:\/\/bksconstruction.be\/index.php\/reseaux-degouttage\/\"]}]},{\"@type\":\"BreadcrumbList\",\"@id\":\"https:\/\/bksconstruction.be\/index.php\/reseaux-degouttage\/#breadcrumb\",\"itemListElement\":[{\"@type\":\"ListItem\",\"position\":1,\"name\":\"Accueil\",\"item\":\"https:\/\/bksconstruction.be\/\"},{\"@type\":\"ListItem\",\"position\":2,\"name\":\"VOTRE SP\\u00c9CIALISTE DE TRAVAUX D&#8217;\\u00c9GOUTTAGE \\u00c0 HERVE, LI\\u00c8GE\"}]}]}<\/script>\n<!-- \/ Yoast SEO plugin. -->","yoast_head_json":{"title":"Travaux d'\u00c9gouttage, Pose Citerne, Fosse Septique | Herve, Li\u00e8ge","description":"BKS Construction, \u00e0 Herve, s'occupe de tous vos travaux d'\u00e9gouttage dans la province de Li\u00e8ge. Appelez-nous pour un devis gratuit.","robots":{"index":"index","follow":"follow","max-snippet":"max-snippet:-1","max-image-preview":"max-image-preview:large","max-video-preview":"max-video-preview:-1"},"canonical":"https:\/\/bksconstruction.be\/index.php\/reseaux-degouttage\/","og_locale":"en_US","og_type":"article","og_title":"Travaux d'\u00c9gouttage, Pose Citerne, Fosse Septique | Herve, Li\u00e8ge","og_description":"BKS Construction, \u00e0 Herve, s'occupe de tous vos travaux d'\u00e9gouttage dans la province de Li\u00e8ge. Appelez-nous pour un devis gratuit.","og_url":"https:\/\/bksconstruction.be\/index.php\/reseaux-degouttage\/","article_modified_time":"2021-05-07T07:55:59+00:00","og_image":[{"width":768,"height":1024,"path":"2019\/02\/BKSconstruction-Mme-Mattelet-Liers-4-e1550521246538-768x1024.jpg","url":"http:\/\/bksconstruction.be\/wp-content\/uploads\/2019\/02\/BKSconstruction-Mme-Mattelet-Liers-4-e1550521246538-768x1024.jpg","size":"large","id":383,"alt":"travaux d'\u00e9gouttage \u00e0 Herve, Li\u00e8ge","pixels":786432,"type":"image\/jpeg"}],"twitter_card":"summary_large_image","twitter_misc":{"Est. reading time":"1 minute"},"schema":{"@context":"https:\/\/schema.org","@graph":[{"@type":"WebSite","@id":"https:\/\/bksconstruction.be\/#website","url":"https:\/\/bksconstruction.be\/","name":"","description":"BKS entreprise de construction \u00e0 Li\u00e8ge, logo","potentialAction":[{"@type":"SearchAction","target":{"@type":"EntryPoint","urlTemplate":"https:\/\/bksconstruction.be\/?s={search_term_string}"},"query-input":"required name=search_term_string"}],"inLanguage":"en-US"},{"@type":"ImageObject","@id":"https:\/\/bksconstruction.be\/index.php\/reseaux-degouttage\/#primaryimage","inLanguage":"en-US","url":"http:\/\/bksconstruction.be\/wp-content\/uploads\/2019\/02\/BKSconstruction-Mme-Mattelet-Liers-4-e1550521246538.jpg","contentUrl":"http:\/\/bksconstruction.be\/wp-content\/uploads\/2019\/02\/BKSconstruction-Mme-Mattelet-Liers-4-e1550521246538.jpg","width":3024,"height":4032,"caption":"Am\u00e9nagement jardin Li\u00e8ge"},{"@type":"WebPage","@id":"https:\/\/bksconstruction.be\/index.php\/reseaux-degouttage\/#webpage","url":"https:\/\/bksconstruction.be\/index.php\/reseaux-degouttage\/","name":"Travaux d'\u00c9gouttage, Pose Citerne, Fosse Septique | Herve, Li\u00e8ge","isPartOf":{"@id":"https:\/\/bksconstruction.be\/#website"},"primaryImageOfPage":{"@id":"https:\/\/bksconstruction.be\/index.php\/reseaux-degouttage\/#primaryimage"},"datePublished":"2019-01-22T21:34:38+00:00","dateModified":"2021-05-07T07:55:59+00:00","description":"BKS Construction, \u00e0 Herve, s'occupe de tous vos travaux d'\u00e9gouttage dans la province de Li\u00e8ge. Appelez-nous pour un devis gratuit.","breadcrumb":{"@id":"https:\/\/bksconstruction.be\/index.php\/reseaux-degouttage\/#breadcrumb"},"inLanguage":"en-US","potentialAction":[{"@type":"ReadAction","target":["https:\/\/bksconstruction.be\/index.php\/reseaux-degouttage\/"]}]},{"@type":"BreadcrumbList","@id":"https:\/\/bksconstruction.be\/index.php\/reseaux-degouttage\/#breadcrumb","itemListElement":[{"@type":"ListItem","position":1,"name":"Accueil","item":"https:\/\/bksconstruction.be\/"},{"@type":"ListItem","position":2,"name":"VOTRE SP\u00c9CIALISTE DE TRAVAUX D&#8217;\u00c9GOUTTAGE \u00c0 HERVE, LI\u00c8GE"}]}]}},"_links":{"self":[{"href":"http:\/\/bksconstruction.be\/index.php\/wp-json\/wp\/v2\/pages\/25"}],"collection":[{"href":"http:\/\/bksconstruction.be\/index.php\/wp-json\/wp\/v2\/pages"}],"about":[{"href":"http:\/\/bksconstruction.be\/index.php\/wp-json\/wp\/v2\/types\/page"}],"author":[{"embeddable":true,"href":"http:\/\/bksconstruction.be\/index.php\/wp-json\/wp\/v2\/users\/1"}],"replies":[{"embeddable":true,"href":"http:\/\/bksconstruction.be\/index.php\/wp-json\/wp\/v2\/comments?post=25"}],"version-history":[{"count":9,"href":"http:\/\/bksconstruction.be\/index.php\/wp-json\/wp\/v2\/pages\/25\/revisions"}],"predecessor-version":[{"id":565,"href":"http:\/\/bksconstruction.be\/index.php\/wp-json\/wp\/v2\/pages\/25\/revisions\/565"}],"wp:featuredmedia":[{"embeddable":true,"href":"http:\/\/bksconstruction.be\/index.php\/wp-json\/wp\/v2\/media\/383"}],"wp:attachment":[{"href":"http:\/\/bksconstruction.be\/index.php\/wp-json\/wp\/v2\/media?parent=25"}],"curies":[{"name":"wp","href":"https:\/\/api.w.org\/{rel}","templated":true}]}}